{"id":82,"date":"2015-11-15T23:30:34","date_gmt":"2015-11-15T22:30:34","guid":{"rendered":"http:\/\/skischule-kleinwald.ch\/wordpress\/?page_id=82"},"modified":"2019-09-19T21:54:26","modified_gmt":"2019-09-19T19:54:26","slug":"informationen","status":"publish","type":"page","link":"https:\/\/www.skischule-kleinwald.ch\/index.php\/informationen\/","title":{"rendered":"Informationen"},"content":{"rendered":"<div id=\"imCell_2\" class=\"imGrid[1, 1]\">\n<div id=\"imCellStyleGraphics_2\">\n<div>\n<div id=\"imCell_2\" class=\"imGrid[1, 1]\">\n<div id=\"imCellStyleGraphics_2\">\n<hr \/>\n<p><strong>Kursdaten<\/strong><\/p>\n<\/div>\n<\/div>\n<\/div>\n<div>\n<div>\n<div id=\"imCell_14\" class=\"imGrid[2, 2]\">\n<div id=\"imCellStyle_14\">\n<div id=\"imTextObject_14_tab0\" class=\"text-tab-content\">\n<div class=\"text-inner\">\n<p><span class=\"fs20\"><span class=\"ff1 cf3\">Die Kurse finden an zwei Wochenenden im Januar statt.<br \/>\n1. Wochenende: 18.\/19. Januar 2020<br \/>\n2. Wochenende: 25.\/26. Januar 2020<\/span><\/span><\/p>\n<hr \/>\n<p><span class=\"fs20\"><span class=\"ff3 cf3\"><strong>Kursdauer<\/strong><br \/>\n2x Samstag und Sonntag je 4 Stunden Unterricht.<br \/>\n<\/span><\/span>Entscheide ob du lieber ein Wochenende oder beide kommst.<\/p>\n<\/div>\n<\/div>\n<\/div>\n<\/div>\n<\/div>\n<\/div>\n<div>\n<div>\n<div id=\"imCell_5\" class=\"imGrid[4, 4]\">\n<div id=\"imCellStyle_5\">\n<div id=\"imTextObject_5_tab0\" class=\"text-tab-content\">\n<div class=\"text-inner\">\n<hr \/>\n<p><span class=\"fs20\"><span class=\"ff3 cf3\"><strong>Besammlung<\/strong><br \/>\n<\/span><span class=\"ff1 cf3\">Die Besammlung ist jeweils um 9.45 bei der Talstation Wolzenalp (Krummenau) Toggenburg.<\/span><\/span><span class=\"cf1 fs20 ff1\"><br \/>\n<\/span><\/p>\n<\/div>\n<\/div>\n<\/div>\n<\/div>\n<\/div>\n<\/div>\n<div>\n<div id=\"imCell_6\" class=\"imGrid[5, 5]\">\n<div id=\"imCellStyle_6\">\n<div id=\"imTextObject_6_tab0\" class=\"text-tab-content\">\n<div class=\"text-inner\">\n<hr \/>\n<p><span class=\"fs20\"><span class=\"ff3 cf3\"><strong>Kosten<\/strong><br \/>\n<\/span><\/span><span class=\"fs20\"><span class=\"ff1 cf3\">Die Kurspreise variieren aufgrund des Alters. <\/span><\/span><\/p>\n<p>Bis 6 Jahre &#8211; (ein Wochenende CHF 120.&#8211;, beide Wochenende CHF 220.&#8211;)<br \/>\nBis 16 Jahre &#8211; (ein Wochenende CHF 160.&#8211;, beide Wochenende CHF 300.&#8211;)<br \/>\nAb 16 Jahre (ein Wochenende CHF 180.&#8211;, beide Wochenende CHF<\/p>\n<p style=\"text-align: left;\">***Familienaktion***<\/p>\n<p>Bei der Anmeldung des dritten Familienmitglied, gew\u00e4hren wir einen Familienrabatt (CHF 40.- 1. Wochende; CHF 90.- f\u00fcr 2. Wochenende)<\/p>\n<hr \/>\n<p><strong>Wichtige Informationen<\/strong><br \/>\nDie Kosten umfassen die Kurskosten, Verpflegung am Mittag und den Skilift.<\/p>\n<hr \/>\n<p><span class=\"fs20\"><span class=\"ff3 cf3\"><strong>Mittagessen<\/strong><br \/>\n<\/span><\/span><span class=\"fs20\"><span class=\"ff3 cf3\">Das Mittagessen findet jeweils in den Gruppen im Restaurant auf der Wolzenalp statt. <\/span><\/span><\/p>\n<hr \/>\n<p><strong><span class=\"fs20\"><span class=\"ff3 cf3\">Versicherung<br \/>\n<\/span><\/span><\/strong><span class=\"fs20\"><span class=\"ff3 cf3\">Die Versicherung ist Sache der Teilnehmer<\/span><\/span><\/p>\n<hr \/>\n<p><strong><span class=\"fs20\"><span class=\"ff3 cf3\">Ausr\u00fcstung<br \/>\n<\/span><\/span><\/strong><span class=\"fs20\"><span class=\"ff3 cf3\">Wir empfehlen folgende Punkte zu kontrollieren oder dabei zu haben:<br \/>\n&#8211;<wbr \/> Technische Inspektion der Winterausr\u00fcstung durch einen Fachmann<br \/>\n&#8211;<wbr \/> Dem Wetter und Jahreszeit entsprechende Kleidung<br \/>\n&#8211;<wbr \/> Skifahrer: St\u00f6cke, Helm (empfohlen), Handschuhe,<br \/>\n&#8211;<wbr \/> Snowboarder: verst\u00e4rkte Handschuhe, Helm (empfohlen)<br \/>\n<\/span><\/span><\/p>\n<hr \/>\n<p><strong><span class=\"fs20\"><span class=\"ff3 cf3\">Miete<br \/>\n<\/span><\/span><\/strong><span class=\"fs20\"><span class=\"ff3 cf3\">Die Ausr\u00fcstung muss durch die Teilnehmer organisiert werden. Die Schneesportschule verf\u00fcgt \u00fcber keine Mitausr\u00fcstungen. Gerne empfehlen wir in Sachen Wintersportausr\u00fcstung unseren Partner und Sponsor Lutz Sport in Herisau<\/span><\/span><\/p>\n<\/div>\n<\/div>\n<\/div>\n<\/div>\n<\/div>\n<div>\n<div>\n<div id=\"imCell_25\" class=\"imGrid[10, 10]\">\n<div id=\"imCellStyleGraphics_25\"><\/div>\n<div id=\"imCellStyle_25\">\n<p><a href=\"http:\/\/www.lutzsport.ch\" target=\"_blank\" rel=\"www.lutzsport.ch noopener\"><img loading=\"lazy\" decoding=\"async\" class=\"alignnone wp-image-135\" src=\"http:\/\/skischule-kleinwald.ch\/wp-content\/uploads\/2015\/11\/Logo-Beratung...-ohne-Adresse-e1447878684776.jpg\" width=\"642\" height=\"143\" srcset=\"https:\/\/www.skischule-kleinwald.ch\/wp-content\/uploads\/2015\/11\/Logo-Beratung...-ohne-Adresse-e1447878684776.jpg 1572w, https:\/\/www.skischule-kleinwald.ch\/wp-content\/uploads\/2015\/11\/Logo-Beratung...-ohne-Adresse-e1447878684776-300x67.jpg 300w, https:\/\/www.skischule-kleinwald.ch\/wp-content\/uploads\/2015\/11\/Logo-Beratung...-ohne-Adresse-e1447878684776-1024x228.jpg 1024w, https:\/\/www.skischule-kleinwald.ch\/wp-content\/uploads\/2015\/11\/Logo-Beratung...-ohne-Adresse-e1447878684776-50x11.jpg 50w\" sizes=\"auto, (max-width: 642px) 100vw, 642px\" \/><\/a><\/p>\n<\/div>\n<\/div>\n<\/div>\n<\/div>\n<div>\n<div>\n<div id=\"imCell_12\" class=\"imGrid[11, 11]\">\n<div id=\"imCellStyleGraphics_12\"><\/div>\n<div id=\"imCellStyle_12\">\n<div id=\"imTextObject_12_tab0\" class=\"text-tab-content\">\n<div class=\"text-inner\">\n<hr \/>\n<p><strong><span class=\"fs20\"><span class=\"ff3 cf3\">Auskunft<br \/>\n<\/span><\/span><\/strong><span class=\"fs20\"><span class=\"ff3 cf3\">F\u00fcr weitere Fragen kontaktieren Sie uns<br \/>\nMarina Sennhauser 079 741 07 11<br \/>\nEmail marina.wismer@me.com<\/span><\/span><\/p>\n<p><span class=\"fs20\"><span class=\"ff3 cf3\">\u00a0<\/span><\/span><\/p>\n<\/div>\n<\/div>\n<\/div>\n<\/div>\n<\/div>\n<\/div>\n<\/div>\n<\/div>\n","protected":false},"excerpt":{"rendered":"<p>Kursdaten Die Kurse finden an zwei Wochenenden im Januar statt. 1. Wochenende: 18.\/19. Januar 2020 2. Wochenende: 25.\/26. Januar 2020 Kursdauer 2x Samstag und Sonntag je 4 Stunden Unterricht. Entscheide ob du lieber ein Wochenende oder beide kommst. Besammlung Die &hellip;<\/p>\n<p class=\"read-more\"> <a class=\"more-link\" href=\"https:\/\/www.skischule-kleinwald.ch\/index.php\/informationen\/\"> <span class=\"screen-reader-text\">Informationen<\/span> Weiterlesen &raquo;<\/a><\/p>\n","protected":false},"author":1,"featured_media":0,"parent":0,"menu_order":0,"comment_status":"closed","ping_status":"closed","template":"","meta":{"footnotes":""},"class_list":["post-82","page","type-page","status-publish","hentry"],"_links":{"self":[{"href":"https:\/\/www.skischule-kleinwald.ch\/index.php\/wp-json\/wp\/v2\/pages\/82","targetHints":{"allow":["GET"]}}],"collection":[{"href":"https:\/\/www.skischule-kleinwald.ch\/index.php\/wp-json\/wp\/v2\/pages"}],"about":[{"href":"https:\/\/www.skischule-kleinwald.ch\/index.php\/wp-json\/wp\/v2\/types\/page"}],"author":[{"embeddable":true,"href":"https:\/\/www.skischule-kleinwald.ch\/index.php\/wp-json\/wp\/v2\/users\/1"}],"replies":[{"embeddable":true,"href":"https:\/\/www.skischule-kleinwald.ch\/index.php\/wp-json\/wp\/v2\/comments?post=82"}],"version-history":[{"count":6,"href":"https:\/\/www.skischule-kleinwald.ch\/index.php\/wp-json\/wp\/v2\/pages\/82\/revisions"}],"predecessor-version":[{"id":803,"href":"https:\/\/www.skischule-kleinwald.ch\/index.php\/wp-json\/wp\/v2\/pages\/82\/revisions\/803"}],"wp:attachment":[{"href":"https:\/\/www.skischule-kleinwald.ch\/index.php\/wp-json\/wp\/v2\/media?parent=82"}],"curies":[{"name":"wp","href":"https:\/\/api.w.org\/{rel}","templated":true}]}}