{"id":645,"date":"2018-11-06T22:20:47","date_gmt":"2018-11-06T21:20:47","guid":{"rendered":"http:\/\/skischule-kleinwald.ch\/?page_id=645"},"modified":"2018-11-10T17:34:08","modified_gmt":"2018-11-10T16:34:08","slug":"ausruestungssponsoren","status":"publish","type":"page","link":"https:\/\/www.skischule-kleinwald.ch\/index.php\/ausruestungssponsoren\/","title":{"rendered":"Ausr\u00fcstungssponsoren"},"content":{"rendered":"\n<figure class=\"wp-block-image is-resized\"><img loading=\"lazy\" decoding=\"async\" src=\"http:\/\/skischule-kleinwald.ch\/wp-content\/uploads\/2018\/11\/Jacken.png\" alt=\"\" class=\"wp-image-646\" width=\"404\" height=\"240\" srcset=\"https:\/\/www.skischule-kleinwald.ch\/wp-content\/uploads\/2018\/11\/Jacken.png 835w, https:\/\/www.skischule-kleinwald.ch\/wp-content\/uploads\/2018\/11\/Jacken-300x179.png 300w, https:\/\/www.skischule-kleinwald.ch\/wp-content\/uploads\/2018\/11\/Jacken-768x457.png 768w\" sizes=\"auto, (max-width: 404px) 100vw, 404px\" \/><figcaption>Ausr\u00fcstung 2018\/2019<\/figcaption><\/figure>\n\n\n\n<h4 class=\"wp-block-heading\" style=\"text-align:left\">Die Vision<\/h4>\n\n\n\n<p class=\"has-small-font-size\">Im Jahr 2018 hat der Vereinsvorstand entschieden, dass die Schneesportschule Kleinwald ein richtiges und einheitliches Erscheinungsbild erhalten soll. Aus diesem Grund gingen die Ski- und Snowboardlehrer auf die Suche nach Unterst\u00fctzung f\u00fcr eine neue Ausr\u00fcstung f\u00fcr neue Ski Jacken und Ski Hosen. F\u00fcr das Gelingen wurden rund CHF 13&#8217;000 Sponsorenkapital gesucht. Das notwendige Kapital konnte dank grossz\u00fcgigen Unterst\u00fctzern und neuen Partnerschaften erbracht werden.<\/p>\n\n\n\n<hr class=\"wp-block-separator\"\/>\n\n\n\n<h4 class=\"wp-block-heading\" style=\"text-align:center\"><br>Ein grosser Dank gilt unseren Sponsoren&nbsp;<\/h4>\n\n\n\n<div style=\"height:20px\" aria-hidden=\"true\" class=\"wp-block-spacer sidespacer-thick\"><\/div>\n\n\n\n<div class=\"wp-block-columns has-2-columns is-layout-flex wp-container-core-columns-is-layout-9d6595d7 wp-block-columns-is-layout-flex\">\n<div class=\"wp-block-column is-layout-flow wp-block-column-is-layout-flow\">\n<div class=\"wp-block-image\"><figure class=\"alignright is-resized\"><img loading=\"lazy\" decoding=\"async\" src=\"http:\/\/skischule-kleinwald.ch\/wp-content\/uploads\/2018\/11\/Gold-1.png\" alt=\"\" class=\"wp-image-653\" width=\"69\" height=\"29\"\/><\/figure><\/div>\n<\/div>\n\n\n\n<div class=\"wp-block-column is-layout-flow wp-block-column-is-layout-flow\">\n<p>Unser Goldsponsor<br>CHF 4000.&#8211;<\/p>\n\n\n\n<div style=\"height:10px\" aria-hidden=\"true\" class=\"wp-block-spacer sidespacer-small\"><\/div>\n\n\n\n<p>:-: Lutz Sport, Herisau<\/p>\n<\/div>\n<\/div>\n\n\n\n<div class=\"wp-block-image\"><figure class=\"aligncenter is-resized\"><a href=\"https:\/\/www.lutzsport.ch\" target=\"_blank\" rel=\"noreferrer noopener\"><img loading=\"lazy\" decoding=\"async\" src=\"http:\/\/skischule-kleinwald.ch\/wp-content\/uploads\/2015\/11\/Logo-Beratung...-ohne-Adresse-e1447878684776.jpg\" alt=\"\" class=\"wp-image-135\" width=\"393\" height=\"88\" srcset=\"https:\/\/www.skischule-kleinwald.ch\/wp-content\/uploads\/2015\/11\/Logo-Beratung...-ohne-Adresse-e1447878684776.jpg 1572w, https:\/\/www.skischule-kleinwald.ch\/wp-content\/uploads\/2015\/11\/Logo-Beratung...-ohne-Adresse-e1447878684776-300x67.jpg 300w, https:\/\/www.skischule-kleinwald.ch\/wp-content\/uploads\/2015\/11\/Logo-Beratung...-ohne-Adresse-e1447878684776-1024x228.jpg 1024w, https:\/\/www.skischule-kleinwald.ch\/wp-content\/uploads\/2015\/11\/Logo-Beratung...-ohne-Adresse-e1447878684776-50x11.jpg 50w\" sizes=\"auto, (max-width: 393px) 100vw, 393px\" \/><\/a><\/figure><\/div>\n\n\n\n<div style=\"height:100px\" aria-hidden=\"true\" class=\"wp-block-spacer sidespacer-thick\"><\/div>\n\n\n\n<div class=\"wp-block-columns has-2-columns is-layout-flex wp-container-core-columns-is-layout-9d6595d7 wp-block-columns-is-layout-flex\">\n<div class=\"wp-block-column is-layout-flow wp-block-column-is-layout-flow\">\n<div class=\"wp-block-image\"><figure class=\"alignright is-resized\"><img loading=\"lazy\" decoding=\"async\" src=\"http:\/\/skischule-kleinwald.ch\/wp-content\/uploads\/2018\/11\/Silber-1.png\" alt=\"\" class=\"wp-image-660\" width=\"69\" height=\"29\"\/><\/figure><\/div>\n\n\n\n<p><\/p>\n<\/div>\n\n\n\n<div class=\"wp-block-column is-layout-flow wp-block-column-is-layout-flow\">\n<p>Unsere Silbersponsoren<br>CHF 2000.&#8211;<\/p>\n\n\n\n<div style=\"height:100px\" aria-hidden=\"true\" class=\"wp-block-spacer sidespacer-small\"><\/div>\n\n\n\n<p>:-: KIBAG, Z\u00fcrich (2-facher Silbersponsor)<br>:-: Sportbahn Krummenau-Wolzenalp AG<\/p>\n<\/div>\n<\/div>\n\n\n\n<div class=\"wp-block-columns has-2-columns is-layout-flex wp-container-core-columns-is-layout-9d6595d7 wp-block-columns-is-layout-flex\">\n<div class=\"wp-block-column is-layout-flow wp-block-column-is-layout-flow\">\n<div class=\"wp-block-image\"><figure class=\"alignright is-resized\"><a href=\"https:\/\/www.kibag.ch\" target=\"_blank\" rel=\"noreferrer noopener\"><img loading=\"lazy\" decoding=\"async\" src=\"http:\/\/skischule-kleinwald.ch\/wp-content\/uploads\/2018\/11\/KIBAG_Logo_Slogan-1.jpg\" alt=\"\" class=\"wp-image-675\" width=\"125\" height=\"120\" srcset=\"https:\/\/www.skischule-kleinwald.ch\/wp-content\/uploads\/2018\/11\/KIBAG_Logo_Slogan-1.jpg 1713w, https:\/\/www.skischule-kleinwald.ch\/wp-content\/uploads\/2018\/11\/KIBAG_Logo_Slogan-1-300x290.jpg 300w, https:\/\/www.skischule-kleinwald.ch\/wp-content\/uploads\/2018\/11\/KIBAG_Logo_Slogan-1-768x742.jpg 768w, https:\/\/www.skischule-kleinwald.ch\/wp-content\/uploads\/2018\/11\/KIBAG_Logo_Slogan-1-1024x989.jpg 1024w\" sizes=\"auto, (max-width: 125px) 100vw, 125px\" \/><\/a><\/figure><\/div>\n\n\n\n<p><\/p>\n<\/div>\n\n\n\n<div class=\"wp-block-column is-layout-flow wp-block-column-is-layout-flow\">\n<div class=\"wp-block-image\"><figure class=\"alignleft is-resized\"><a href=\"https:\/\/www.wolzen.ch\/\" target=\"_blank\" rel=\"noreferrer noopener\"><img loading=\"lazy\" decoding=\"async\" src=\"http:\/\/skischule-kleinwald.ch\/wp-content\/uploads\/2018\/11\/fbicon.png\" alt=\"\" class=\"wp-image-676\" width=\"195\" height=\"119\"\/><\/a><\/figure><\/div>\n<\/div>\n<\/div>\n\n\n\n<div style=\"height:6px\" aria-hidden=\"true\" class=\"wp-block-spacer sidespacer-thick\"><\/div>\n\n\n\n<div class=\"wp-block-columns has-2-columns is-layout-flex wp-container-core-columns-is-layout-9d6595d7 wp-block-columns-is-layout-flex\">\n<div class=\"wp-block-column is-layout-flow wp-block-column-is-layout-flow\">\n<div class=\"wp-block-image\"><figure class=\"alignright is-resized\"><img loading=\"lazy\" decoding=\"async\" src=\"http:\/\/skischule-kleinwald.ch\/wp-content\/uploads\/2018\/11\/Bronze-1.png\" alt=\"\" class=\"wp-image-661\" width=\"69\" height=\"29\"\/><\/figure><\/div>\n<\/div>\n\n\n\n<div class=\"wp-block-column is-layout-flow wp-block-column-is-layout-flow\">\n<p>Unsere Bronzesponsoren<br>CHF 500.&#8211;<\/p>\n\n\n\n<div style=\"height:3px\" aria-hidden=\"true\" class=\"wp-block-spacer sidespacer-small\"><\/div>\n\n\n\n<p>:-: Merck, Buchs<br>:-: GEOINFO IT AG, Herisau<\/p>\n<\/div>\n<\/div>\n\n\n\n<div style=\"height:7px\" aria-hidden=\"true\" class=\"wp-block-spacer sidespacer-thick\"><\/div>\n\n\n\n<h4 class=\"wp-block-heading\" style=\"text-align:left\">Wir bedanken uns auch herzlich bei unseren G\u00f6nnern<\/h4>\n\n\n\n<div class=\"wp-block-columns has-2-columns is-layout-flex wp-container-core-columns-is-layout-9d6595d7 wp-block-columns-is-layout-flex\">\n<div class=\"wp-block-column is-layout-flow wp-block-column-is-layout-flow\">\n<ul class=\"wp-block-list\"><li>Raiffeisenbank Obertoggenburg<\/li><li>Mariana Stevanovic<\/li><li>Silvia N\u00fcesch<\/li><li>Solveig Z\u00fcst<\/li><\/ul>\n<\/div>\n\n\n\n<div class=\"wp-block-column is-layout-flow wp-block-column-is-layout-flow\">\n<ul class=\"wp-block-list\"><li>Simon Reichert<\/li><li>Jodok Elmer<\/li><li>Jasmin und Marc B\u00f6sch<\/li><\/ul>\n<\/div>\n<\/div>\n\n\n\n<div style=\"height:7px\" aria-hidden=\"true\" class=\"wp-block-spacer sidespacer\"><\/div>\n\n\n\n<p><\/p>\n","protected":false},"excerpt":{"rendered":"<p>Die Vision Im Jahr 2018 hat der Vereinsvorstand entschieden, dass die Schneesportschule Kleinwald ein richtiges und einheitliches Erscheinungsbild erhalten soll. Aus diesem Grund gingen die Ski- und Snowboardlehrer auf die Suche nach Unterst\u00fctzung f\u00fcr eine neue Ausr\u00fcstung f\u00fcr neue Ski &hellip;<\/p>\n<p class=\"read-more\"> <a class=\"more-link\" href=\"https:\/\/www.skischule-kleinwald.ch\/index.php\/ausruestungssponsoren\/\"> <span class=\"screen-reader-text\">Ausr\u00fcstungssponsoren<\/span> Weiterlesen &raquo;<\/a><\/p>\n","protected":false},"author":1,"featured_media":0,"parent":0,"menu_order":0,"comment_status":"closed","ping_status":"closed","template":"","meta":{"footnotes":""},"class_list":["post-645","page","type-page","status-publish","hentry"],"_links":{"self":[{"href":"https:\/\/www.skischule-kleinwald.ch\/index.php\/wp-json\/wp\/v2\/pages\/645","targetHints":{"allow":["GET"]}}],"collection":[{"href":"https:\/\/www.skischule-kleinwald.ch\/index.php\/wp-json\/wp\/v2\/pages"}],"about":[{"href":"https:\/\/www.skischule-kleinwald.ch\/index.php\/wp-json\/wp\/v2\/types\/page"}],"author":[{"embeddable":true,"href":"https:\/\/www.skischule-kleinwald.ch\/index.php\/wp-json\/wp\/v2\/users\/1"}],"replies":[{"embeddable":true,"href":"https:\/\/www.skischule-kleinwald.ch\/index.php\/wp-json\/wp\/v2\/comments?post=645"}],"version-history":[{"count":68,"href":"https:\/\/www.skischule-kleinwald.ch\/index.php\/wp-json\/wp\/v2\/pages\/645\/revisions"}],"predecessor-version":[{"id":736,"href":"https:\/\/www.skischule-kleinwald.ch\/index.php\/wp-json\/wp\/v2\/pages\/645\/revisions\/736"}],"wp:attachment":[{"href":"https:\/\/www.skischule-kleinwald.ch\/index.php\/wp-json\/wp\/v2\/media?parent=645"}],"curies":[{"name":"wp","href":"https:\/\/api.w.org\/{rel}","templated":true}]}}