{"id":228,"date":"2015-12-01T23:30:38","date_gmt":"2015-12-01T22:30:38","guid":{"rendered":"http:\/\/skischule-kleinwald.ch\/?page_id=228"},"modified":"2021-11-15T22:11:32","modified_gmt":"2021-11-15T21:11:32","slug":"kontaktieren-sie-uns","status":"publish","type":"page","link":"https:\/\/www.skischule-kleinwald.ch\/index.php\/kontaktieren-sie-uns\/","title":{"rendered":"Kontaktiere uns"},"content":{"rendered":"<p>Gerne stehen wir dir f\u00fcr weitere Fragen zur Verf\u00fcgung:<\/p>\n<p>Urs Siegrist<br \/>\nVereinspr\u00e4sident<br \/>\n+41 (0)78 835 86 93<br \/>\nMail: urssigi13<em>(at)<\/em>bluewin.ch<\/p>\n","protected":false},"excerpt":{"rendered":"<p>Gerne stehen wir dir f\u00fcr weitere Fragen zur Verf\u00fcgung: Urs Siegrist Vereinspr\u00e4sident +41 (0)78 835 86 93 Mail: urssigi13(at)bluewin.ch<\/p>\n","protected":false},"author":1,"featured_media":0,"parent":0,"menu_order":0,"comment_status":"closed","ping_status":"closed","template":"","meta":{"footnotes":""},"class_list":["post-228","page","type-page","status-publish","hentry"],"_links":{"self":[{"href":"https:\/\/www.skischule-kleinwald.ch\/index.php\/wp-json\/wp\/v2\/pages\/228","targetHints":{"allow":["GET"]}}],"collection":[{"href":"https:\/\/www.skischule-kleinwald.ch\/index.php\/wp-json\/wp\/v2\/pages"}],"about":[{"href":"https:\/\/www.skischule-kleinwald.ch\/index.php\/wp-json\/wp\/v2\/types\/page"}],"author":[{"embeddable":true,"href":"https:\/\/www.skischule-kleinwald.ch\/index.php\/wp-json\/wp\/v2\/users\/1"}],"replies":[{"embeddable":true,"href":"https:\/\/www.skischule-kleinwald.ch\/index.php\/wp-json\/wp\/v2\/comments?post=228"}],"version-history":[{"count":7,"href":"https:\/\/www.skischule-kleinwald.ch\/index.php\/wp-json\/wp\/v2\/pages\/228\/revisions"}],"predecessor-version":[{"id":947,"href":"https:\/\/www.skischule-kleinwald.ch\/index.php\/wp-json\/wp\/v2\/pages\/228\/revisions\/947"}],"wp:attachment":[{"href":"https:\/\/www.skischule-kleinwald.ch\/index.php\/wp-json\/wp\/v2\/media?parent=228"}],"curies":[{"name":"wp","href":"https:\/\/api.w.org\/{rel}","templated":true}]}}